{"id":41,"date":"2025-12-31T18:40:51","date_gmt":"2025-12-31T18:40:51","guid":{"rendered":"https:\/\/borkhavn.dk\/index.php\/hjem\/"},"modified":"2026-03-17T17:29:19","modified_gmt":"2026-03-17T17:29:19","slug":"koebmand-bork-havn","status":"publish","type":"page","link":"https:\/\/borkhavn.dk\/","title":{"rendered":"Hjem"},"content":{"rendered":"\t\t<div data-elementor-type=\"wp-page\" data-elementor-id=\"41\" class=\"elementor elementor-41\">\n\t\t\t\t<div class=\"elementor-element elementor-element-b24f79b e-con-full e-flex e-con e-parent\" data-id=\"b24f79b\" data-element_type=\"container\">\n\t\t\t\t<div class=\"elementor-element elementor-element-eaf8adb elementor-widget elementor-widget-image\" data-id=\"eaf8adb\" data-element_type=\"widget\" data-widget_type=\"image.default\">\n\t\t\t\t\t\t\t\t\t\t\t\t\t\t\t<img fetchpriority=\"high\" decoding=\"async\" width=\"768\" height=\"420\" src=\"https:\/\/borkhavn.dk\/wp-content\/uploads\/2026\/03\/WhatsApp-Image-2026-03-11-at-16.41.14-2-768x420.jpeg\" class=\"attachment-medium_large size-medium_large wp-image-458\" alt=\"\" srcset=\"https:\/\/borkhavn.dk\/wp-content\/uploads\/2026\/03\/WhatsApp-Image-2026-03-11-at-16.41.14-2-768x420.jpeg 768w, https:\/\/borkhavn.dk\/wp-content\/uploads\/2026\/03\/WhatsApp-Image-2026-03-11-at-16.41.14-2-300x164.jpeg 300w, https:\/\/borkhavn.dk\/wp-content\/uploads\/2026\/03\/WhatsApp-Image-2026-03-11-at-16.41.14-2-1024x560.jpeg 1024w, https:\/\/borkhavn.dk\/wp-content\/uploads\/2026\/03\/WhatsApp-Image-2026-03-11-at-16.41.14-2-1536x840.jpeg 1536w, https:\/\/borkhavn.dk\/wp-content\/uploads\/2026\/03\/WhatsApp-Image-2026-03-11-at-16.41.14-2-1320x722.jpeg 1320w, https:\/\/borkhavn.dk\/wp-content\/uploads\/2026\/03\/WhatsApp-Image-2026-03-11-at-16.41.14-2.jpeg 1864w\" sizes=\"(max-width: 768px) 100vw, 768px\" \/>\t\t\t\t\t\t\t\t\t\t\t\t\t\t\t<\/div>\n\t\t\t\t<\/div>\n\t\t<div class=\"elementor-element elementor-element-e374377 e-flex e-con-boxed e-con e-parent\" data-id=\"e374377\" data-element_type=\"container\">\n\t\t\t\t\t<div class=\"e-con-inner\">\n\t\t\t\t<div class=\"elementor-element elementor-element-be402b1 elementor-widget elementor-widget-spacer\" data-id=\"be402b1\" data-element_type=\"widget\" data-widget_type=\"spacer.default\">\n\t\t\t\t\t\t\t<div class=\"elementor-spacer\">\n\t\t\t<div class=\"elementor-spacer-inner\"><\/div>\n\t\t<\/div>\n\t\t\t\t\t\t<\/div>\n\t\t\t\t\t<\/div>\n\t\t\t\t<\/div>\n\t\t<div class=\"elementor-element elementor-element-c777886 e-flex e-con-boxed e-con e-parent\" data-id=\"c777886\" data-element_type=\"container\">\n\t\t\t\t\t<div class=\"e-con-inner\">\n\t\t\t\t<div class=\"elementor-element elementor-element-490297c elementor-widget elementor-widget-image\" data-id=\"490297c\" data-element_type=\"widget\" data-widget_type=\"image.default\">\n\t\t\t\t\t\t\t\t\t\t\t\t\t\t\t<img decoding=\"async\" width=\"300\" height=\"59\" src=\"https:\/\/borkhavn.dk\/wp-content\/uploads\/2026\/03\/LET-KOeB_Logo_Hvid-1-2-scaled-1-1-300x59.jpg\" class=\"attachment-medium size-medium wp-image-480\" alt=\"\" srcset=\"https:\/\/borkhavn.dk\/wp-content\/uploads\/2026\/03\/LET-KOeB_Logo_Hvid-1-2-scaled-1-1-300x59.jpg 300w, https:\/\/borkhavn.dk\/wp-content\/uploads\/2026\/03\/LET-KOeB_Logo_Hvid-1-2-scaled-1-1-1024x200.jpg 1024w, https:\/\/borkhavn.dk\/wp-content\/uploads\/2026\/03\/LET-KOeB_Logo_Hvid-1-2-scaled-1-1-768x150.jpg 768w, https:\/\/borkhavn.dk\/wp-content\/uploads\/2026\/03\/LET-KOeB_Logo_Hvid-1-2-scaled-1-1-1536x300.jpg 1536w, https:\/\/borkhavn.dk\/wp-content\/uploads\/2026\/03\/LET-KOeB_Logo_Hvid-1-2-scaled-1-1-1320x258.jpg 1320w, https:\/\/borkhavn.dk\/wp-content\/uploads\/2026\/03\/LET-KOeB_Logo_Hvid-1-2-scaled-1-1.jpg 2048w\" sizes=\"(max-width: 300px) 100vw, 300px\" \/>\t\t\t\t\t\t\t\t\t\t\t\t\t\t\t<\/div>\n\t\t\t\t\t<\/div>\n\t\t\t\t<\/div>\n\t\t<div class=\"elementor-element elementor-element-6530ec1 e-flex e-con-boxed e-con e-parent\" data-id=\"6530ec1\" data-element_type=\"container\">\n\t\t\t\t\t<div class=\"e-con-inner\">\n\t\t\t\t<div class=\"elementor-element elementor-element-f914f12 elementor-widget elementor-widget-text-editor\" data-id=\"f914f12\" data-element_type=\"widget\" data-widget_type=\"text-editor.default\">\n\t\t\t\t\t\t\t\t\t<h3 style=\"text-align: center;\"><span style=\"color: #081141;\">Kirkeh\u00f8jvej 9b, 6893 Hemmet\/Bork\u00a0 Havn<\/span><br \/><span style=\"color: #081141;\">tlf 0045 88 73 04 30<br \/>\u00a0<a style=\"color: #081141;\" href=\"mailto:info@borkhavn.dk\">info@borkhavn.dk<\/a><\/span><\/h3><h3 style=\"text-align: center;\"><span style=\"color: #081141;\">CVR <strong class=\"Yjhzub\" data-processed=\"true\">43366807<\/strong><\/span><\/h3>\t\t\t\t\t\t\t\t<\/div>\n\t\t\t\t\t<\/div>\n\t\t\t\t<\/div>\n\t\t<div class=\"elementor-element elementor-element-43a2e67 e-flex e-con-boxed e-con e-parent\" data-id=\"43a2e67\" data-element_type=\"container\">\n\t\t\t\t\t<div class=\"e-con-inner\">\n\t\t\t\t<div class=\"elementor-element elementor-element-6e2e2cc elementor-widget elementor-widget-heading\" data-id=\"6e2e2cc\" data-element_type=\"widget\" data-widget_type=\"heading.default\">\n\t\t\t\t\t<h2 class=\"elementor-heading-title elementor-size-default\">\u00c5bningstider -  \u00d6ffnungszeiten<\/h2>\t\t\t\t<\/div>\n\t\t\t\t\t<\/div>\n\t\t\t\t<\/div>\n\t\t<div class=\"elementor-element elementor-element-0860d30 e-flex e-con-boxed e-con e-parent\" data-id=\"0860d30\" data-element_type=\"container\">\n\t\t\t\t\t<div class=\"e-con-inner\">\n\t\t<div class=\"elementor-element elementor-element-cf7997a e-con-full e-flex e-con e-child\" data-id=\"cf7997a\" data-element_type=\"container\">\n\t\t\t\t<div class=\"elementor-element elementor-element-3fdbe47 elementor-widget elementor-widget-text-editor\" data-id=\"3fdbe47\" data-element_type=\"widget\" data-widget_type=\"text-editor.default\">\n\t\t\t\t\t\t\t\t\t<h3 style=\"text-align: center;\">alle ugens dage kl 8.00 &#8211; 18.00<\/h3>\t\t\t\t\t\t\t\t<\/div>\n\t\t\t\t<\/div>\n\t\t<div class=\"elementor-element elementor-element-828f6a8 e-con-full e-flex e-con e-child\" data-id=\"828f6a8\" data-element_type=\"container\">\n\t\t\t\t<div class=\"elementor-element elementor-element-bab6c09 elementor-widget elementor-widget-text-editor\" data-id=\"bab6c09\" data-element_type=\"widget\" data-widget_type=\"text-editor.default\">\n\t\t\t\t\t\t\t\t\t<h3 style=\"text-align: center;\">t\u00e4glich 8.00\u00a0 &#8211; 18.00 Uhr<\/h3>\t\t\t\t\t\t\t\t<\/div>\n\t\t\t\t<\/div>\n\t\t\t\t\t<\/div>\n\t\t\t\t<\/div>\n\t\t<div class=\"elementor-element elementor-element-8b0d80f e-flex e-con-boxed e-con e-parent\" data-id=\"8b0d80f\" data-element_type=\"container\">\n\t\t\t\t\t<div class=\"e-con-inner\">\n\t\t\t\t<div class=\"elementor-element elementor-element-3293456 elementor-widget elementor-widget-text-editor\" data-id=\"3293456\" data-element_type=\"widget\" data-widget_type=\"text-editor.default\">\n\t\t\t\t\t\t\t\t\t<p style=\"text-align: center;\">Gaveartikler og brugskunst<br \/>Geschenkartikel und Dekorationsartikel<\/p>\t\t\t\t\t\t\t\t<\/div>\n\t\t\t\t\t<\/div>\n\t\t\t\t<\/div>\n\t\t<div class=\"elementor-element elementor-element-74e0a65 e-flex e-con-boxed e-con e-parent\" data-id=\"74e0a65\" data-element_type=\"container\">\n\t\t\t\t\t<div class=\"e-con-inner\">\n\t\t\t\t<div class=\"elementor-element elementor-element-0958e56 elementor-widget elementor-widget-image\" data-id=\"0958e56\" data-element_type=\"widget\" data-widget_type=\"image.default\">\n\t\t\t\t\t\t\t\t\t\t\t\t\t\t\t\t<a href=\"https:\/\/borkhavn.dk\/index.php\/emmas-laden\/\" target=\"_blank\">\n\t\t\t\t\t\t\t<img decoding=\"async\" width=\"300\" height=\"182\" src=\"https:\/\/borkhavn.dk\/wp-content\/uploads\/2026\/01\/IMG_20251206_182113-300x182.jpg\" class=\"attachment-medium size-medium wp-image-183\" alt=\"\" srcset=\"https:\/\/borkhavn.dk\/wp-content\/uploads\/2026\/01\/IMG_20251206_182113-300x182.jpg 300w, https:\/\/borkhavn.dk\/wp-content\/uploads\/2026\/01\/IMG_20251206_182113-768x467.jpg 768w, https:\/\/borkhavn.dk\/wp-content\/uploads\/2026\/01\/IMG_20251206_182113.jpg 971w\" sizes=\"(max-width: 300px) 100vw, 300px\" \/>\t\t\t\t\t\t\t\t<\/a>\n\t\t\t\t\t\t\t\t\t\t\t\t\t\t\t<\/div>\n\t\t\t\t\t<\/div>\n\t\t\t\t<\/div>\n\t\t\t\t<\/div>\n\t\t","protected":false},"excerpt":{"rendered":"<p>Kirkeh\u00f8jvej 9b, 6893 Hemmet\/Bork\u00a0 Havntlf 0045 88 73 04 30\u00a0info@borkhavn.dk CVR 43366807 \u00c5bningstider &#8211; \u00d6ffnungszeiten alle ugens dage kl 8.00 &hellip; <\/p>\n","protected":false},"author":1,"featured_media":0,"parent":0,"menu_order":0,"comment_status":"closed","ping_status":"closed","template":"","meta":{"_coachify_sidebar_layout":"","footnotes":""},"class_list":["post-41","page","type-page","status-publish","hentry","image-hover-transition-effect"],"yoast_head":"<!-- This site is optimized with the Yoast SEO plugin v26.7 - https:\/\/yoast.com\/wordpress\/plugins\/seo\/ -->\n<title>Hjem -<\/title>\n<meta name=\"description\" content=\"K\u00f8bmand Bork Havn - nemt, lokalt og lige p\u00e5 vejen. din lokal supermarked. Bageriafdeling. K\u00f8d. Frugt og gr\u00f8nt\" \/>\n<meta name=\"robots\" content=\"index, follow, max-snippet:-1, max-image-preview:large, max-video-preview:-1\" \/>\n<link rel=\"canonical\" href=\"https:\/\/borkhavn.dk\/\" \/>\n<meta property=\"og:locale\" content=\"de_DE\" \/>\n<meta property=\"og:type\" content=\"article\" \/>\n<meta property=\"og:title\" content=\"Hjem -\" \/>\n<meta property=\"og:description\" content=\"K\u00f8bmand Bork Havn - nemt, lokalt og lige p\u00e5 vejen. din lokal supermarked. Bageriafdeling. K\u00f8d. Frugt og gr\u00f8nt\" \/>\n<meta property=\"og:url\" content=\"https:\/\/borkhavn.dk\/\" \/>\n<meta property=\"article:modified_time\" content=\"2026-03-17T17:29:19+00:00\" \/>\n<meta property=\"og:image\" content=\"https:\/\/borkhavn.dk\/wp-content\/uploads\/2026\/03\/WhatsApp-Image-2026-03-11-at-16.41.14-2.jpeg\" \/>\n\t<meta property=\"og:image:width\" content=\"1864\" \/>\n\t<meta property=\"og:image:height\" content=\"1019\" \/>\n\t<meta property=\"og:image:type\" content=\"image\/jpeg\" \/>\n<meta name=\"twitter:card\" content=\"summary_large_image\" \/>\n<meta name=\"twitter:label1\" content=\"Gesch\u00e4tzte Lesezeit\" \/>\n\t<meta name=\"twitter:data1\" content=\"1\u00a0Minute\" \/>\n<script type=\"application\/ld+json\" class=\"yoast-schema-graph\">{\"@context\":\"https:\/\/schema.org\",\"@graph\":[{\"@type\":\"WebPage\",\"@id\":\"https:\/\/borkhavn.dk\/\",\"url\":\"https:\/\/borkhavn.dk\/\",\"name\":\"Hjem -\",\"isPartOf\":{\"@id\":\"https:\/\/borkhavn.dk\/#website\"},\"primaryImageOfPage\":{\"@id\":\"https:\/\/borkhavn.dk\/#primaryimage\"},\"image\":{\"@id\":\"https:\/\/borkhavn.dk\/#primaryimage\"},\"thumbnailUrl\":\"https:\/\/borkhavn.dk\/wp-content\/uploads\/2026\/03\/WhatsApp-Image-2026-03-11-at-16.41.14-2-768x420.jpeg\",\"datePublished\":\"2025-12-31T18:40:51+00:00\",\"dateModified\":\"2026-03-17T17:29:19+00:00\",\"description\":\"K\u00f8bmand Bork Havn - nemt, lokalt og lige p\u00e5 vejen. din lokal supermarked. Bageriafdeling. K\u00f8d. Frugt og gr\u00f8nt\",\"breadcrumb\":{\"@id\":\"https:\/\/borkhavn.dk\/#breadcrumb\"},\"inLanguage\":\"de\",\"potentialAction\":[{\"@type\":\"ReadAction\",\"target\":[\"https:\/\/borkhavn.dk\/\"]}]},{\"@type\":\"ImageObject\",\"inLanguage\":\"de\",\"@id\":\"https:\/\/borkhavn.dk\/#primaryimage\",\"url\":\"https:\/\/borkhavn.dk\/wp-content\/uploads\/2026\/03\/WhatsApp-Image-2026-03-11-at-16.41.14-2.jpeg\",\"contentUrl\":\"https:\/\/borkhavn.dk\/wp-content\/uploads\/2026\/03\/WhatsApp-Image-2026-03-11-at-16.41.14-2.jpeg\",\"width\":1864,\"height\":1019},{\"@type\":\"BreadcrumbList\",\"@id\":\"https:\/\/borkhavn.dk\/#breadcrumb\",\"itemListElement\":[{\"@type\":\"ListItem\",\"position\":1,\"name\":\"Hjem\",\"item\":\"https:\/\/borkhavn.dk\/\"},{\"@type\":\"ListItem\",\"position\":2,\"name\":\"Hjem\"}]},{\"@type\":\"WebSite\",\"@id\":\"https:\/\/borkhavn.dk\/#website\",\"url\":\"https:\/\/borkhavn.dk\/\",\"name\":\"Bork Havn\",\"description\":\"\",\"potentialAction\":[{\"@type\":\"SearchAction\",\"target\":{\"@type\":\"EntryPoint\",\"urlTemplate\":\"https:\/\/borkhavn.dk\/?s={search_term_string}\"},\"query-input\":{\"@type\":\"PropertyValueSpecification\",\"valueRequired\":true,\"valueName\":\"search_term_string\"}}],\"inLanguage\":\"de\"}]}<\/script>\n<!-- \/ Yoast SEO plugin. -->","yoast_head_json":{"title":"Hjem -","description":"K\u00f8bmand Bork Havn - nemt, lokalt og lige p\u00e5 vejen. din lokal supermarked. Bageriafdeling. K\u00f8d. Frugt og gr\u00f8nt","robots":{"index":"index","follow":"follow","max-snippet":"max-snippet:-1","max-image-preview":"max-image-preview:large","max-video-preview":"max-video-preview:-1"},"canonical":"https:\/\/borkhavn.dk\/","og_locale":"de_DE","og_type":"article","og_title":"Hjem -","og_description":"K\u00f8bmand Bork Havn - nemt, lokalt og lige p\u00e5 vejen. din lokal supermarked. Bageriafdeling. K\u00f8d. Frugt og gr\u00f8nt","og_url":"https:\/\/borkhavn.dk\/","article_modified_time":"2026-03-17T17:29:19+00:00","og_image":[{"width":1864,"height":1019,"url":"https:\/\/borkhavn.dk\/wp-content\/uploads\/2026\/03\/WhatsApp-Image-2026-03-11-at-16.41.14-2.jpeg","type":"image\/jpeg"}],"twitter_card":"summary_large_image","twitter_misc":{"Gesch\u00e4tzte Lesezeit":"1\u00a0Minute"},"schema":{"@context":"https:\/\/schema.org","@graph":[{"@type":"WebPage","@id":"https:\/\/borkhavn.dk\/","url":"https:\/\/borkhavn.dk\/","name":"Hjem -","isPartOf":{"@id":"https:\/\/borkhavn.dk\/#website"},"primaryImageOfPage":{"@id":"https:\/\/borkhavn.dk\/#primaryimage"},"image":{"@id":"https:\/\/borkhavn.dk\/#primaryimage"},"thumbnailUrl":"https:\/\/borkhavn.dk\/wp-content\/uploads\/2026\/03\/WhatsApp-Image-2026-03-11-at-16.41.14-2-768x420.jpeg","datePublished":"2025-12-31T18:40:51+00:00","dateModified":"2026-03-17T17:29:19+00:00","description":"K\u00f8bmand Bork Havn - nemt, lokalt og lige p\u00e5 vejen. din lokal supermarked. Bageriafdeling. K\u00f8d. Frugt og gr\u00f8nt","breadcrumb":{"@id":"https:\/\/borkhavn.dk\/#breadcrumb"},"inLanguage":"de","potentialAction":[{"@type":"ReadAction","target":["https:\/\/borkhavn.dk\/"]}]},{"@type":"ImageObject","inLanguage":"de","@id":"https:\/\/borkhavn.dk\/#primaryimage","url":"https:\/\/borkhavn.dk\/wp-content\/uploads\/2026\/03\/WhatsApp-Image-2026-03-11-at-16.41.14-2.jpeg","contentUrl":"https:\/\/borkhavn.dk\/wp-content\/uploads\/2026\/03\/WhatsApp-Image-2026-03-11-at-16.41.14-2.jpeg","width":1864,"height":1019},{"@type":"BreadcrumbList","@id":"https:\/\/borkhavn.dk\/#breadcrumb","itemListElement":[{"@type":"ListItem","position":1,"name":"Hjem","item":"https:\/\/borkhavn.dk\/"},{"@type":"ListItem","position":2,"name":"Hjem"}]},{"@type":"WebSite","@id":"https:\/\/borkhavn.dk\/#website","url":"https:\/\/borkhavn.dk\/","name":"Bork Havn","description":"","potentialAction":[{"@type":"SearchAction","target":{"@type":"EntryPoint","urlTemplate":"https:\/\/borkhavn.dk\/?s={search_term_string}"},"query-input":{"@type":"PropertyValueSpecification","valueRequired":true,"valueName":"search_term_string"}}],"inLanguage":"de"}]}},"_links":{"self":[{"href":"https:\/\/borkhavn.dk\/index.php\/wp-json\/wp\/v2\/pages\/41","targetHints":{"allow":["GET"]}}],"collection":[{"href":"https:\/\/borkhavn.dk\/index.php\/wp-json\/wp\/v2\/pages"}],"about":[{"href":"https:\/\/borkhavn.dk\/index.php\/wp-json\/wp\/v2\/types\/page"}],"author":[{"embeddable":true,"href":"https:\/\/borkhavn.dk\/index.php\/wp-json\/wp\/v2\/users\/1"}],"replies":[{"embeddable":true,"href":"https:\/\/borkhavn.dk\/index.php\/wp-json\/wp\/v2\/comments?post=41"}],"version-history":[{"count":66,"href":"https:\/\/borkhavn.dk\/index.php\/wp-json\/wp\/v2\/pages\/41\/revisions"}],"predecessor-version":[{"id":592,"href":"https:\/\/borkhavn.dk\/index.php\/wp-json\/wp\/v2\/pages\/41\/revisions\/592"}],"wp:attachment":[{"href":"https:\/\/borkhavn.dk\/index.php\/wp-json\/wp\/v2\/media?parent=41"}],"curies":[{"name":"wp","href":"https:\/\/api.w.org\/{rel}","templated":true}]}}