{"id":49,"date":"2025-12-31T20:28:14","date_gmt":"2025-12-31T20:28:14","guid":{"rendered":"https:\/\/borkhavn.dk\/?page_id=49"},"modified":"2026-04-05T07:31:52","modified_gmt":"2026-04-05T07:31:52","slug":"tilbud","status":"publish","type":"page","link":"https:\/\/borkhavn.dk\/index.php\/tilbud\/","title":{"rendered":"Tilbud"},"content":{"rendered":"\t\t<div data-elementor-type=\"wp-page\" data-elementor-id=\"49\" class=\"elementor elementor-49\">\n\t\t\t\t<div class=\"elementor-element elementor-element-13c1d93 e-flex e-con-boxed e-con e-parent\" data-id=\"13c1d93\" data-element_type=\"container\">\n\t\t\t\t\t<div class=\"e-con-inner\">\n\t\t\t\t<div class=\"elementor-element elementor-element-6c8418c elementor-widget elementor-widget-heading\" data-id=\"6c8418c\" data-element_type=\"widget\" data-widget_type=\"heading.default\">\n\t\t\t\t\t<h2 class=\"elementor-heading-title elementor-size-default\">vores daglige tilbud<\/h2>\t\t\t\t<\/div>\n\t\t\t\t\t<\/div>\n\t\t\t\t<\/div>\n\t\t<div class=\"elementor-element elementor-element-418edc6 e-flex e-con-boxed e-con e-parent\" data-id=\"418edc6\" data-element_type=\"container\">\n\t\t\t\t\t<div class=\"e-con-inner\">\n\t\t\t\t<div class=\"elementor-element elementor-element-9a36839 elementor-widget elementor-widget-text-editor\" data-id=\"9a36839\" data-element_type=\"widget\" data-widget_type=\"text-editor.default\">\n\t\t\t\t\t\t\t\t\t<p>Vi har altid de samme daglige tilbud, s\u00e5 man kan planl\u00e6gge sine indk\u00f8b p\u00e5 forh\u00e5nd.<\/p>\t\t\t\t\t\t\t\t<\/div>\n\t\t\t\t\t<\/div>\n\t\t\t\t<\/div>\n\t\t<div class=\"elementor-element elementor-element-a74357b e-flex e-con-boxed e-con e-parent\" data-id=\"a74357b\" data-element_type=\"container\">\n\t\t\t\t\t<div class=\"e-con-inner\">\n\t\t\t\t<div class=\"elementor-element elementor-element-5bf0edd elementor-widget elementor-widget-heading\" data-id=\"5bf0edd\" data-element_type=\"widget\" data-widget_type=\"heading.default\">\n\t\t\t\t\t<h2 class=\"elementor-heading-title elementor-size-default\">Unsere Tagesangebote<\/h2>\t\t\t\t<\/div>\n\t\t\t\t\t<\/div>\n\t\t\t\t<\/div>\n\t\t<div class=\"elementor-element elementor-element-6702601 e-flex e-con-boxed e-con e-parent\" data-id=\"6702601\" data-element_type=\"container\">\n\t\t\t\t\t<div class=\"e-con-inner\">\n\t\t\t\t<div class=\"elementor-element elementor-element-9378777 elementor-widget elementor-widget-text-editor\" data-id=\"9378777\" data-element_type=\"widget\" data-widget_type=\"text-editor.default\">\n\t\t\t\t\t\t\t\t\t<p>Wir haben dauerhaft die gleichen Tagesangebote, damit Du gut planen kannst.<\/p>\t\t\t\t\t\t\t\t<\/div>\n\t\t\t\t\t<\/div>\n\t\t\t\t<\/div>\n\t\t<div class=\"elementor-element elementor-element-185f34c e-flex e-con-boxed e-con e-parent\" data-id=\"185f34c\" data-element_type=\"container\">\n\t\t\t\t\t<div class=\"e-con-inner\">\n\t\t\t\t<div class=\"elementor-element elementor-element-0cf8e7b elementor-pagination-position-outside elementor-widget elementor-widget-image-carousel\" data-id=\"0cf8e7b\" data-element_type=\"widget\" data-settings=\"{&quot;slides_to_show&quot;:&quot;2&quot;,&quot;slides_to_scroll&quot;:&quot;1&quot;,&quot;navigation&quot;:&quot;dots&quot;,&quot;autoplay_speed&quot;:1000,&quot;speed&quot;:2000,&quot;image_spacing_custom&quot;:{&quot;unit&quot;:&quot;px&quot;,&quot;size&quot;:10,&quot;sizes&quot;:[]},&quot;autoplay&quot;:&quot;yes&quot;,&quot;pause_on_hover&quot;:&quot;yes&quot;,&quot;pause_on_interaction&quot;:&quot;yes&quot;,&quot;infinite&quot;:&quot;yes&quot;,&quot;image_spacing_custom_tablet&quot;:{&quot;unit&quot;:&quot;px&quot;,&quot;size&quot;:&quot;&quot;,&quot;sizes&quot;:[]},&quot;image_spacing_custom_mobile&quot;:{&quot;unit&quot;:&quot;px&quot;,&quot;size&quot;:&quot;&quot;,&quot;sizes&quot;:[]}}\" data-widget_type=\"image-carousel.default\">\n\t\t\t\t\t\t\t<div class=\"elementor-image-carousel-wrapper swiper\" role=\"region\" aria-roledescription=\"carousel\" aria-label=\"Bild Karussell\" dir=\"ltr\">\n\t\t\t<div class=\"elementor-image-carousel swiper-wrapper\" aria-live=\"off\">\n\t\t\t\t\t\t\t\t<div class=\"swiper-slide\" role=\"group\" aria-roledescription=\"slide\" aria-label=\"1 von 6\"><figure class=\"swiper-slide-inner\"><img decoding=\"async\" class=\"swiper-slide-image\" src=\"https:\/\/borkhavn.dk\/wp-content\/uploads\/2026\/03\/WhatsApp-Image-2026-03-12-at-20.03.42-768x432.jpeg\" alt=\"WhatsApp Image 2026-03-12 at 20.03.42\" \/><\/figure><\/div><div class=\"swiper-slide\" role=\"group\" aria-roledescription=\"slide\" aria-label=\"2 von 6\"><figure class=\"swiper-slide-inner\"><img decoding=\"async\" class=\"swiper-slide-image\" src=\"https:\/\/borkhavn.dk\/wp-content\/uploads\/2026\/03\/WhatsApp-Image-2026-03-13-at-08.56.14-768x432.jpeg\" alt=\"WhatsApp Image 2026-03-13 at 08.56.14\" \/><\/figure><\/div><div class=\"swiper-slide\" role=\"group\" aria-roledescription=\"slide\" aria-label=\"3 von 6\"><figure class=\"swiper-slide-inner\"><img decoding=\"async\" class=\"swiper-slide-image\" src=\"https:\/\/borkhavn.dk\/wp-content\/uploads\/2026\/03\/WhatsApp-Image-2026-03-12-at-20.12.20-1-768x432.jpeg\" alt=\"WhatsApp Image 2026-03-12 at 20.12.20 (1)\" \/><\/figure><\/div><div class=\"swiper-slide\" role=\"group\" aria-roledescription=\"slide\" aria-label=\"4 von 6\"><figure class=\"swiper-slide-inner\"><img decoding=\"async\" class=\"swiper-slide-image\" src=\"https:\/\/borkhavn.dk\/wp-content\/uploads\/2026\/03\/WhatsApp-Image-2026-03-13-at-08.56.15-768x432.jpeg\" alt=\"WhatsApp Image 2026-03-13 at 08.56.15\" \/><\/figure><\/div><div class=\"swiper-slide\" role=\"group\" aria-roledescription=\"slide\" aria-label=\"5 von 6\"><figure class=\"swiper-slide-inner\"><img decoding=\"async\" class=\"swiper-slide-image\" src=\"https:\/\/borkhavn.dk\/wp-content\/uploads\/2026\/03\/WhatsApp-Image-2026-03-27-at-16.06.40-768x432.jpeg\" alt=\"WhatsApp Image 2026-03-27 at 16.06.40\" \/><\/figure><\/div><div class=\"swiper-slide\" role=\"group\" aria-roledescription=\"slide\" aria-label=\"6 von 6\"><figure class=\"swiper-slide-inner\"><img decoding=\"async\" class=\"swiper-slide-image\" src=\"https:\/\/borkhavn.dk\/wp-content\/uploads\/2026\/04\/WhatsApp-Image-2026-04-03-at-19.17.29-768x432.jpeg\" alt=\"WhatsApp Image 2026-04-03 at 19.17.29\" \/><\/figure><\/div>\t\t\t<\/div>\n\t\t\t\t\t\t\t\n\t\t\t\t\t\t\t\t\t<div class=\"swiper-pagination\"><\/div>\n\t\t\t\t\t\t\t\t\t<\/div>\n\t\t\t\t\t\t<\/div>\n\t\t\t\t\t<\/div>\n\t\t\t\t<\/div>\n\t\t<div class=\"elementor-element elementor-element-474f55d e-flex e-con-boxed e-con e-parent\" data-id=\"474f55d\" data-element_type=\"container\">\n\t\t\t\t\t<div class=\"e-con-inner\">\n\t\t\t\t<div class=\"elementor-element elementor-element-0e8c3d4 elementor-widget elementor-widget-heading\" data-id=\"0e8c3d4\" data-element_type=\"widget\" data-widget_type=\"heading.default\">\n\t\t\t\t\t<h2 class=\"elementor-heading-title elementor-size-default\">Vores ugentlige tilbud<\/h2>\t\t\t\t<\/div>\n\t\t\t\t\t<\/div>\n\t\t\t\t<\/div>\n\t\t<div class=\"elementor-element elementor-element-15e8cc5 e-flex e-con-boxed e-con e-parent\" data-id=\"15e8cc5\" data-element_type=\"container\">\n\t\t\t\t\t<div class=\"e-con-inner\">\n\t\t\t\t<div class=\"elementor-element elementor-element-d52f2db elementor-widget elementor-widget-text-editor\" data-id=\"d52f2db\" data-element_type=\"widget\" data-widget_type=\"text-editor.default\">\n\t\t\t\t\t\t\t\t\t<p>Avisen g\u00e6lder fra mandag til og med s\u00f8ndag ugen efter.<br \/><br \/>Vi fors\u00f8ger ogs\u00e5 spontant at lancere fantastiske kampagner s\u00e5som kombinationstilbud eller vores popul\u00e6re &#8222;k\u00f8b 3, betal for 2&#8220;-tilbud. Vi tilbyder regelm\u00e6ssigt smagspr\u00f8ver i butikken for at introducere nye produkter.<br \/><br \/>Hver dag kan man k\u00f8be friskbagt bagv\u00e6rk hos os. Br\u00f8det kan forudbestilles. Ud over &#8222;klassikerne&#8220; tilbyder vi dagligt skiftende udvalg af br\u00f8d, rundstykker og kager.<\/p>\t\t\t\t\t\t\t\t<\/div>\n\t\t\t\t\t<\/div>\n\t\t\t\t<\/div>\n\t\t<div class=\"elementor-element elementor-element-017f0f1 e-flex e-con-boxed e-con e-parent\" data-id=\"017f0f1\" data-element_type=\"container\">\n\t\t\t\t\t<div class=\"e-con-inner\">\n\t\t\t\t<div class=\"elementor-element elementor-element-62dc206 elementor-widget elementor-widget-heading\" data-id=\"62dc206\" data-element_type=\"widget\" data-widget_type=\"heading.default\">\n\t\t\t\t\t<h2 class=\"elementor-heading-title elementor-size-default\">UNSERE WOCHENANGEBOTE<\/h2>\t\t\t\t<\/div>\n\t\t\t\t\t<\/div>\n\t\t\t\t<\/div>\n\t\t<div class=\"elementor-element elementor-element-93aefcd e-flex e-con-boxed e-con e-parent\" data-id=\"93aefcd\" data-element_type=\"container\">\n\t\t\t\t\t<div class=\"e-con-inner\">\n\t\t\t\t<div class=\"elementor-element elementor-element-4ca4ada elementor-widget elementor-widget-text-editor\" data-id=\"4ca4ada\" data-element_type=\"widget\" data-widget_type=\"text-editor.default\">\n\t\t\t\t\t\t\t\t\t<p>Zus\u00e4tzlich haben wir wechselnde Angebote. Unsere Angebote gelten von Montag bis einschlie\u00dflich dem Sonntag in der folgenden Woche.<br \/><br \/>Au\u00dferdem versuchen wir immer wieder spontan gute Aktionen f\u00fcr Euch starten wie z.B. Kombinationsangebote oder auch unsere beliebten \u201ekauf 3, zahl 2\u201c Aktionen. Regelm\u00e4\u00dfig bieten wir Verkostungsaktionen bei uns im Markt an und m\u00f6chten Dich so auf neue Produkte aufmerksam machen.<br \/><br \/>Jeden Tag kannst Du bei uns frische Backwaren bekommen, die Du auch vorbestellen kannst.<br \/>Neben den &#8222;Klassikern&#8220; bieten wir dazu t\u00e4glich wechselnd eine Auswahl an Brot, Br\u00f6tchen und Kuchen an.<\/p>\t\t\t\t\t\t\t\t<\/div>\n\t\t\t\t\t<\/div>\n\t\t\t\t<\/div>\n\t\t<div class=\"elementor-element elementor-element-c905307 e-flex e-con-boxed e-con e-parent\" data-id=\"c905307\" data-element_type=\"container\">\n\t\t\t\t\t<div class=\"e-con-inner\">\n\t\t<div class=\"elementor-element elementor-element-d143b65 e-con-full e-flex e-con e-child\" data-id=\"d143b65\" data-element_type=\"container\">\n\t\t\t\t<div class=\"elementor-element elementor-element-ebb836e elementor-widget elementor-widget-text-editor\" data-id=\"ebb836e\" data-element_type=\"widget\" data-widget_type=\"text-editor.default\">\n\t\t\t\t\t\t\t\t\t<p>Let K\u00f8b Avis<\/p>\t\t\t\t\t\t\t\t<\/div>\n\t\t\t\t<\/div>\n\t\t<div class=\"elementor-element elementor-element-a872e03 e-con-full e-flex e-con e-child\" data-id=\"a872e03\" data-element_type=\"container\">\n\t\t\t\t<\/div>\n\t\t\t\t\t<\/div>\n\t\t\t\t<\/div>\n\t\t<div class=\"elementor-element elementor-element-d61842e e-flex e-con-boxed e-con e-parent\" data-id=\"d61842e\" data-element_type=\"container\">\n\t\t\t\t\t<div class=\"e-con-inner\">\n\t\t<div class=\"elementor-element elementor-element-c30bb38 e-con-full e-flex e-con e-child\" data-id=\"c30bb38\" data-element_type=\"container\">\n\t\t\t\t<div class=\"elementor-element elementor-element-ee661eb elementor-widget elementor-widget-image\" data-id=\"ee661eb\" data-element_type=\"widget\" data-widget_type=\"image.default\">\n\t\t\t\t\t\t\t\t\t\t\t\t\t\t\t\t<a href=\"https:\/\/ugensavis.xn--letkb-yua.dk\/\" target=\"_blank\">\n\t\t\t\t\t\t\t<img fetchpriority=\"high\" decoding=\"async\" width=\"183\" height=\"275\" src=\"https:\/\/borkhavn.dk\/wp-content\/uploads\/2026\/03\/werbungletkoeb_Fotor.jpg\" class=\"attachment-medium size-medium wp-image-433\" alt=\"\" \/>\t\t\t\t\t\t\t\t<\/a>\n\t\t\t\t\t\t\t\t\t\t\t\t\t\t\t<\/div>\n\t\t\t\t<\/div>\n\t\t<div class=\"elementor-element elementor-element-27afae6 e-con-full e-flex e-con e-child\" data-id=\"27afae6\" data-element_type=\"container\">\n\t\t\t\t<\/div>\n\t\t\t\t\t<\/div>\n\t\t\t\t<\/div>\n\t\t<div class=\"elementor-element elementor-element-33097a9 e-flex e-con-boxed e-con e-parent\" data-id=\"33097a9\" data-element_type=\"container\">\n\t\t\t\t\t<div class=\"e-con-inner\">\n\t\t\t\t<div class=\"elementor-element elementor-element-d57f4c0 elementor-widget-divider--view-line elementor-widget elementor-widget-divider\" data-id=\"d57f4c0\" data-element_type=\"widget\" data-widget_type=\"divider.default\">\n\t\t\t\t\t\t\t<div class=\"elementor-divider\">\n\t\t\t<span class=\"elementor-divider-separator\">\n\t\t\t\t\t\t<\/span>\n\t\t<\/div>\n\t\t\t\t\t\t<\/div>\n\t\t\t\t\t<\/div>\n\t\t\t\t<\/div>\n\t\t<div class=\"elementor-element elementor-element-a83fa5b e-flex e-con-boxed e-con e-parent\" data-id=\"a83fa5b\" data-element_type=\"container\">\n\t\t\t\t\t<div class=\"e-con-inner\">\n\t\t\t\t<div class=\"elementor-element elementor-element-61667b6 elementor-widget elementor-widget-spacer\" data-id=\"61667b6\" data-element_type=\"widget\" data-widget_type=\"spacer.default\">\n\t\t\t\t\t\t\t<div class=\"elementor-spacer\">\n\t\t\t<div class=\"elementor-spacer-inner\"><\/div>\n\t\t<\/div>\n\t\t\t\t\t\t<\/div>\n\t\t\t\t\t<\/div>\n\t\t\t\t<\/div>\n\t\t<div class=\"elementor-element elementor-element-becf51f e-flex e-con-boxed e-con e-parent\" data-id=\"becf51f\" data-element_type=\"container\">\n\t\t\t\t\t<div class=\"e-con-inner\">\n\t\t\t\t<div class=\"elementor-element elementor-element-e848d75 elementor-widget elementor-widget-text-editor\" data-id=\"e848d75\" data-element_type=\"widget\" data-widget_type=\"text-editor.default\">\n\t\t\t\t\t\t\t\t\t<p>Resultaterne af F\u00f8devarestyrelsens regelm\u00e6ssige inspektioner kan findes her<br \/><br \/>Die Ergebnisse der regelm\u00e4\u00dfigen Besuche der d\u00e4nischen Beh\u00f6rde f\u00fcr Lebensmittelsicherheit kannst du hier nachlesen<\/p>\t\t\t\t\t\t\t\t<\/div>\n\t\t\t\t\t<\/div>\n\t\t\t\t<\/div>\n\t\t<div class=\"elementor-element elementor-element-3cbec9b e-flex e-con-boxed e-con e-parent\" data-id=\"3cbec9b\" data-element_type=\"container\">\n\t\t\t\t\t<div class=\"e-con-inner\">\n\t\t\t\t<div class=\"elementor-element elementor-element-2af7f1f elementor-widget elementor-widget-text-editor\" data-id=\"2af7f1f\" data-element_type=\"widget\" data-widget_type=\"text-editor.default\">\n\t\t\t\t\t\t\t\t\t<p><a href=\"https:\/\/www.findsmiley.dk\/1249054\">Klick<\/a><\/p>\t\t\t\t\t\t\t\t<\/div>\n\t\t\t\t\t<\/div>\n\t\t\t\t<\/div>\n\t\t\t\t<\/div>\n\t\t","protected":false},"excerpt":{"rendered":"<p>vores daglige tilbud Vi har altid de samme daglige tilbud, s\u00e5 man kan planl\u00e6gge sine indk\u00f8b p\u00e5 forh\u00e5nd. Unsere Tagesangebote &hellip; <\/p>\n","protected":false},"author":1,"featured_media":0,"parent":0,"menu_order":0,"comment_status":"closed","ping_status":"closed","template":"","meta":{"_coachify_sidebar_layout":"","footnotes":""},"class_list":["post-49","page","type-page","status-publish","hentry","image-hover-transition-effect"],"yoast_head":"<!-- This site is optimized with the Yoast SEO plugin v26.7 - https:\/\/yoast.com\/wordpress\/plugins\/seo\/ -->\n<title>Tilbud -<\/title>\n<meta name=\"robots\" content=\"index, follow, max-snippet:-1, max-image-preview:large, max-video-preview:-1\" \/>\n<link rel=\"canonical\" href=\"https:\/\/borkhavn.dk\/index.php\/tilbud\/\" \/>\n<meta property=\"og:locale\" content=\"de_DE\" \/>\n<meta property=\"og:type\" content=\"article\" \/>\n<meta property=\"og:title\" content=\"Tilbud -\" \/>\n<meta property=\"og:description\" content=\"vores daglige tilbud Vi har altid de samme daglige tilbud, s\u00e5 man kan planl\u00e6gge sine indk\u00f8b p\u00e5 forh\u00e5nd. Unsere Tagesangebote &hellip;\" \/>\n<meta property=\"og:url\" content=\"https:\/\/borkhavn.dk\/index.php\/tilbud\/\" \/>\n<meta property=\"article:modified_time\" content=\"2026-04-05T07:31:52+00:00\" \/>\n<meta property=\"og:image\" content=\"https:\/\/borkhavn.dk\/wp-content\/uploads\/2026\/03\/WhatsApp-Image-2026-03-12-at-20.03.42-768x432.jpeg\" \/>\n<meta name=\"twitter:card\" content=\"summary_large_image\" \/>\n<meta name=\"twitter:label1\" content=\"Gesch\u00e4tzte Lesezeit\" \/>\n\t<meta name=\"twitter:data1\" content=\"4\u00a0Minuten\" \/>\n<script type=\"application\/ld+json\" class=\"yoast-schema-graph\">{\"@context\":\"https:\/\/schema.org\",\"@graph\":[{\"@type\":\"WebPage\",\"@id\":\"https:\/\/borkhavn.dk\/index.php\/tilbud\/\",\"url\":\"https:\/\/borkhavn.dk\/index.php\/tilbud\/\",\"name\":\"Tilbud -\",\"isPartOf\":{\"@id\":\"https:\/\/borkhavn.dk\/#website\"},\"primaryImageOfPage\":{\"@id\":\"https:\/\/borkhavn.dk\/index.php\/tilbud\/#primaryimage\"},\"image\":{\"@id\":\"https:\/\/borkhavn.dk\/index.php\/tilbud\/#primaryimage\"},\"thumbnailUrl\":\"https:\/\/borkhavn.dk\/wp-content\/uploads\/2026\/03\/WhatsApp-Image-2026-03-12-at-20.03.42-768x432.jpeg\",\"datePublished\":\"2025-12-31T20:28:14+00:00\",\"dateModified\":\"2026-04-05T07:31:52+00:00\",\"breadcrumb\":{\"@id\":\"https:\/\/borkhavn.dk\/index.php\/tilbud\/#breadcrumb\"},\"inLanguage\":\"de\",\"potentialAction\":[{\"@type\":\"ReadAction\",\"target\":[\"https:\/\/borkhavn.dk\/index.php\/tilbud\/\"]}]},{\"@type\":\"ImageObject\",\"inLanguage\":\"de\",\"@id\":\"https:\/\/borkhavn.dk\/index.php\/tilbud\/#primaryimage\",\"url\":\"https:\/\/borkhavn.dk\/wp-content\/uploads\/2026\/03\/WhatsApp-Image-2026-03-12-at-20.03.42-768x432.jpeg\",\"contentUrl\":\"https:\/\/borkhavn.dk\/wp-content\/uploads\/2026\/03\/WhatsApp-Image-2026-03-12-at-20.03.42-768x432.jpeg\"},{\"@type\":\"BreadcrumbList\",\"@id\":\"https:\/\/borkhavn.dk\/index.php\/tilbud\/#breadcrumb\",\"itemListElement\":[{\"@type\":\"ListItem\",\"position\":1,\"name\":\"Hjem\",\"item\":\"https:\/\/borkhavn.dk\/\"},{\"@type\":\"ListItem\",\"position\":2,\"name\":\"Tilbud\"}]},{\"@type\":\"WebSite\",\"@id\":\"https:\/\/borkhavn.dk\/#website\",\"url\":\"https:\/\/borkhavn.dk\/\",\"name\":\"Bork Havn\",\"description\":\"\",\"potentialAction\":[{\"@type\":\"SearchAction\",\"target\":{\"@type\":\"EntryPoint\",\"urlTemplate\":\"https:\/\/borkhavn.dk\/?s={search_term_string}\"},\"query-input\":{\"@type\":\"PropertyValueSpecification\",\"valueRequired\":true,\"valueName\":\"search_term_string\"}}],\"inLanguage\":\"de\"}]}<\/script>\n<!-- \/ Yoast SEO plugin. -->","yoast_head_json":{"title":"Tilbud -","robots":{"index":"index","follow":"follow","max-snippet":"max-snippet:-1","max-image-preview":"max-image-preview:large","max-video-preview":"max-video-preview:-1"},"canonical":"https:\/\/borkhavn.dk\/index.php\/tilbud\/","og_locale":"de_DE","og_type":"article","og_title":"Tilbud -","og_description":"vores daglige tilbud Vi har altid de samme daglige tilbud, s\u00e5 man kan planl\u00e6gge sine indk\u00f8b p\u00e5 forh\u00e5nd. Unsere Tagesangebote &hellip;","og_url":"https:\/\/borkhavn.dk\/index.php\/tilbud\/","article_modified_time":"2026-04-05T07:31:52+00:00","og_image":[{"url":"https:\/\/borkhavn.dk\/wp-content\/uploads\/2026\/03\/WhatsApp-Image-2026-03-12-at-20.03.42-768x432.jpeg","type":"","width":"","height":""}],"twitter_card":"summary_large_image","twitter_misc":{"Gesch\u00e4tzte Lesezeit":"4\u00a0Minuten"},"schema":{"@context":"https:\/\/schema.org","@graph":[{"@type":"WebPage","@id":"https:\/\/borkhavn.dk\/index.php\/tilbud\/","url":"https:\/\/borkhavn.dk\/index.php\/tilbud\/","name":"Tilbud -","isPartOf":{"@id":"https:\/\/borkhavn.dk\/#website"},"primaryImageOfPage":{"@id":"https:\/\/borkhavn.dk\/index.php\/tilbud\/#primaryimage"},"image":{"@id":"https:\/\/borkhavn.dk\/index.php\/tilbud\/#primaryimage"},"thumbnailUrl":"https:\/\/borkhavn.dk\/wp-content\/uploads\/2026\/03\/WhatsApp-Image-2026-03-12-at-20.03.42-768x432.jpeg","datePublished":"2025-12-31T20:28:14+00:00","dateModified":"2026-04-05T07:31:52+00:00","breadcrumb":{"@id":"https:\/\/borkhavn.dk\/index.php\/tilbud\/#breadcrumb"},"inLanguage":"de","potentialAction":[{"@type":"ReadAction","target":["https:\/\/borkhavn.dk\/index.php\/tilbud\/"]}]},{"@type":"ImageObject","inLanguage":"de","@id":"https:\/\/borkhavn.dk\/index.php\/tilbud\/#primaryimage","url":"https:\/\/borkhavn.dk\/wp-content\/uploads\/2026\/03\/WhatsApp-Image-2026-03-12-at-20.03.42-768x432.jpeg","contentUrl":"https:\/\/borkhavn.dk\/wp-content\/uploads\/2026\/03\/WhatsApp-Image-2026-03-12-at-20.03.42-768x432.jpeg"},{"@type":"BreadcrumbList","@id":"https:\/\/borkhavn.dk\/index.php\/tilbud\/#breadcrumb","itemListElement":[{"@type":"ListItem","position":1,"name":"Hjem","item":"https:\/\/borkhavn.dk\/"},{"@type":"ListItem","position":2,"name":"Tilbud"}]},{"@type":"WebSite","@id":"https:\/\/borkhavn.dk\/#website","url":"https:\/\/borkhavn.dk\/","name":"Bork Havn","description":"","potentialAction":[{"@type":"SearchAction","target":{"@type":"EntryPoint","urlTemplate":"https:\/\/borkhavn.dk\/?s={search_term_string}"},"query-input":{"@type":"PropertyValueSpecification","valueRequired":true,"valueName":"search_term_string"}}],"inLanguage":"de"}]}},"_links":{"self":[{"href":"https:\/\/borkhavn.dk\/index.php\/wp-json\/wp\/v2\/pages\/49","targetHints":{"allow":["GET"]}}],"collection":[{"href":"https:\/\/borkhavn.dk\/index.php\/wp-json\/wp\/v2\/pages"}],"about":[{"href":"https:\/\/borkhavn.dk\/index.php\/wp-json\/wp\/v2\/types\/page"}],"author":[{"embeddable":true,"href":"https:\/\/borkhavn.dk\/index.php\/wp-json\/wp\/v2\/users\/1"}],"replies":[{"embeddable":true,"href":"https:\/\/borkhavn.dk\/index.php\/wp-json\/wp\/v2\/comments?post=49"}],"version-history":[{"count":146,"href":"https:\/\/borkhavn.dk\/index.php\/wp-json\/wp\/v2\/pages\/49\/revisions"}],"predecessor-version":[{"id":717,"href":"https:\/\/borkhavn.dk\/index.php\/wp-json\/wp\/v2\/pages\/49\/revisions\/717"}],"wp:attachment":[{"href":"https:\/\/borkhavn.dk\/index.php\/wp-json\/wp\/v2\/media?parent=49"}],"curies":[{"name":"wp","href":"https:\/\/api.w.org\/{rel}","templated":true}]}}